{"id":422,"date":"2015-03-31T16:03:40","date_gmt":"2015-03-31T13:03:40","guid":{"rendered":"https:\/\/minduu.fi\/blogi\/?page_id=422"},"modified":"2017-03-21T09:20:29","modified_gmt":"2017-03-21T07:20:29","slug":"blogi","status":"publish","type":"page","link":"https:\/\/blogi.minduu.fi\/blogi\/blogi\/","title":{"rendered":"Blogi"},"content":{"rendered":"<p>[et_pb_section bb_built=&#8221;1&#8243; admin_label=&#8221;section&#8221; transparent_background=&#8221;off&#8221; background_color=&#8221;#fe826e&#8221; allow_player_pause=&#8221;off&#8221; inner_shadow=&#8221;on&#8221; parallax=&#8221;off&#8221; parallax_method=&#8221;off&#8221; padding_mobile=&#8221;off&#8221; make_fullwidth=&#8221;off&#8221; use_custom_width=&#8221;off&#8221; width_unit=&#8221;on&#8221; make_equal=&#8221;off&#8221; use_custom_gutter=&#8221;off&#8221; fullwidth=&#8221;on&#8221; specialty=&#8221;off&#8221; disabled=&#8221;off&#8221;][et_pb_fullwidth_header admin_label=&#8221;Koko sivun levyinen otsikko&#8221; title=&#8221;Minduu Blogi&#8221; subhead=&#8221;Asiakastarinoita ja asiantuntija-artikkeleita psykoterapiasta&#8221; background_layout=&#8221;light&#8221; text_orientation=&#8221;center&#8221; header_fullscreen=&#8221;off&#8221; header_scroll_down=&#8221;off&#8221; scroll_down_icon=&#8221;%%3%%&#8221; background_color=&#8221;#fe826e&#8221; parallax=&#8221;off&#8221; parallax_method=&#8221;off&#8221; content_orientation=&#8221;center&#8221; image_orientation=&#8221;center&#8221; subhead_font=&#8221;|on|||&#8221; subhead_font_size=&#8221;26px&#8221; custom_button_one=&#8221;off&#8221; button_one_letter_spacing=&#8221;0&#8243; button_one_use_icon=&#8221;default&#8221; button_one_icon_placement=&#8221;right&#8221; button_one_on_hover=&#8221;on&#8221; button_one_letter_spacing_hover=&#8221;0&#8243; custom_button_two=&#8221;off&#8221; button_two_letter_spacing=&#8221;0&#8243; button_two_use_icon=&#8221;default&#8221; button_two_icon_placement=&#8221;right&#8221; button_two_on_hover=&#8221;on&#8221; button_two_letter_spacing_hover=&#8221;0&#8243; disabled=&#8221;off&#8221; background_url=&#8221;https:\/\/minduu.fi\/blogi\/wp-content\/uploads\/girl-turned-back-violet-duotone.jpg&#8221;]<\/p>\n<p><span data-sheets-value=\"{\" data-sheets-userformat=\"{\">Tutustu, milt\u00e4 terapia tuntuu niin asiakkaan kuin terapeutin tuolissa. Kokemuksia vaikeuksien kanssa painimisesta ja psykoterapeuttien n\u00e4kemyksi\u00e4.<\/span><\/p>\n<p>[\/et_pb_fullwidth_header][\/et_pb_section][et_pb_section bb_built=&#8221;1&#8243; admin_label=&#8221;Osio&#8221; fullwidth=&#8221;off&#8221; specialty=&#8221;on&#8221; transparent_background=&#8221;off&#8221; allow_player_pause=&#8221;off&#8221; inner_shadow=&#8221;off&#8221; parallax=&#8221;off&#8221; parallax_method=&#8221;on&#8221; make_fullwidth=&#8221;on&#8221; use_custom_width=&#8221;off&#8221; width_unit=&#8221;on&#8221; make_equal=&#8221;off&#8221; use_custom_gutter=&#8221;off&#8221; parallax_1=&#8221;off&#8221; parallax_method_1=&#8221;off&#8221; parallax_2=&#8221;off&#8221; parallax_method_2=&#8221;off&#8221;][et_pb_column type=&#8221;2_3&#8243; specialty_columns=&#8221;2&#8243;][et_pb_row_inner admin_label=&#8221;row_inner&#8221; padding_mobile=&#8221;off&#8221; use_custom_gutter=&#8221;off&#8221; make_equal=&#8221;off&#8221; column_padding_mobile=&#8221;off&#8221; parallax_1=&#8221;off&#8221; parallax_method_1=&#8221;on&#8221; parallax_2=&#8221;off&#8221; parallax_method_2=&#8221;on&#8221; parallax_3=&#8221;off&#8221; parallax_method_3=&#8221;on&#8221; disabled=&#8221;off&#8221;][et_pb_column_inner type=&#8221;4_4&#8243; saved_specialty_column_type=&#8221;2_3&#8243;][et_pb_text admin_label=&#8221;Otsikko Uusin kirjoitus&#8221; background_layout=&#8221;light&#8221; text_orientation=&#8221;left&#8221; use_border_color=&#8221;off&#8221; border_style=&#8221;solid&#8221; disabled=&#8221;off&#8221; border_color=&#8221;#ffffff&#8221;]<\/p>\n<h1>Uusin kirjoitus<\/h1>\n<p>[\/et_pb_text][et_pb_blog admin_label=&#8221;Uusin kirjoitus&#8221; fullwidth=&#8221;on&#8221; posts_number=&#8221;1&#8243; show_thumbnail=&#8221;on&#8221; show_content=&#8221;off&#8221; show_more=&#8221;on&#8221; show_author=&#8221;on&#8221; show_date=&#8221;on&#8221; show_categories=&#8221;on&#8221; show_comments=&#8221;off&#8221; show_pagination=&#8221;off&#8221; offset_number=&#8221;0&#8243; use_overlay=&#8221;off&#8221; background_layout=&#8221;light&#8221; use_dropshadow=&#8221;off&#8221; use_border_color=&#8221;off&#8221; border_color=&#8221;#ffffff&#8221; border_style=&#8221;solid&#8221; disabled=&#8221;off&#8221; \/][et_pb_divider admin_label=&#8221;Jakaja&#8221; color=&#8221;#12100f&#8221; show_divider=&#8221;on&#8221; height=&#8221;2&#8243; divider_position=&#8221;top&#8221; divider_weight=&#8221;2px&#8221; hide_on_mobile=&#8221;on&#8221; \/][et_pb_text admin_label=&#8221;Asiantuntija-artikkelit ja kolumnit&#8221; background_layout=&#8221;light&#8221; text_orientation=&#8221;left&#8221; use_border_color=&#8221;off&#8221; border_style=&#8221;solid&#8221; disabled=&#8221;off&#8221; border_color=&#8221;#ffffff&#8221;]<\/p>\n<h1>Asiantuntija-artikkelit ja kolumnit<\/h1>\n<p>[\/et_pb_text][et_pb_blog admin_label=&#8221;Asiantuntija-artikkelit ja kolumnit blogit&#8221; fullwidth=&#8221;off&#8221; posts_number=&#8221;4&#8243; include_categories=&#8221;25,16&#8243; show_thumbnail=&#8221;on&#8221; show_content=&#8221;off&#8221; show_more=&#8221;off&#8221; show_author=&#8221;on&#8221; show_date=&#8221;on&#8221; show_categories=&#8221;off&#8221; show_comments=&#8221;off&#8221; show_pagination=&#8221;off&#8221; offset_number=&#8221;0&#8243; use_overlay=&#8221;off&#8221; background_layout=&#8221;light&#8221; use_dropshadow=&#8221;off&#8221; use_border_color=&#8221;off&#8221; border_color=&#8221;#ffffff&#8221; border_style=&#8221;solid&#8221; disabled=&#8221;off&#8221; \/][et_pb_button admin_label=&#8221;Painike: Lis\u00e4\u00e4 asiantuntija-artikkeleita&#8221; button_url=&#8221;https:\/\/minduu.fi\/blogi\/asiantuntija-artikkelit\/&#8221; url_new_window=&#8221;off&#8221; button_text=&#8221;Lis\u00e4\u00e4 asiantuntija-artikkeleita&#8221; button_alignment=&#8221;center&#8221; background_layout=&#8221;dark&#8221; custom_button=&#8221;on&#8221; button_text_size=&#8221;26px&#8221; button_bg_color=&#8221;#18c0af&#8221; button_letter_spacing=&#8221;0&#8243; button_use_icon=&#8221;default&#8221; button_icon_placement=&#8221;right&#8221; button_on_hover=&#8221;on&#8221; button_letter_spacing_hover=&#8221;0&#8243; disabled=&#8221;off&#8221; saved_tabs=&#8221;all&#8221; \/][et_pb_divider admin_label=&#8221;Jakaja&#8221; color=&#8221;#12100f&#8221; show_divider=&#8221;on&#8221; height=&#8221;2&#8243; divider_position=&#8221;top&#8221; divider_weight=&#8221;2px&#8221; hide_on_mobile=&#8221;on&#8221; \/][et_pb_text admin_label=&#8221;Asiakastarinat&#8221; background_layout=&#8221;light&#8221; text_orientation=&#8221;left&#8221; use_border_color=&#8221;off&#8221; border_style=&#8221;solid&#8221; disabled=&#8221;off&#8221; border_color=&#8221;#ffffff&#8221;]<\/p>\n<h1>Asiakastarinat<\/h1>\n<p>[\/et_pb_text][et_pb_blog admin_label=&#8221;Asiakastarina blogit&#8221; fullwidth=&#8221;off&#8221; posts_number=&#8221;4&#8243; include_categories=&#8221;15&#8243; show_thumbnail=&#8221;on&#8221; show_content=&#8221;off&#8221; show_more=&#8221;off&#8221; show_author=&#8221;on&#8221; show_date=&#8221;on&#8221; show_categories=&#8221;off&#8221; show_comments=&#8221;off&#8221; show_pagination=&#8221;off&#8221; offset_number=&#8221;0&#8243; use_overlay=&#8221;off&#8221; background_layout=&#8221;light&#8221; use_dropshadow=&#8221;off&#8221; use_border_color=&#8221;off&#8221; border_color=&#8221;#ffffff&#8221; border_style=&#8221;solid&#8221; disabled=&#8221;off&#8221; \/][et_pb_button admin_label=&#8221;Painike: Lis\u00e4\u00e4 asiakastarinoita&#8221; button_url=&#8221;https:\/\/minduu.fi\/blogi\/asiakastarinoita-psykoterapiasta\/&#8221; url_new_window=&#8221;off&#8221; button_text=&#8221;Lis\u00e4\u00e4 asiakastarinoita&#8221; button_alignment=&#8221;center&#8221; background_layout=&#8221;dark&#8221; custom_button=&#8221;on&#8221; button_text_size=&#8221;26px&#8221; button_bg_color=&#8221;#704381&#8243; button_letter_spacing=&#8221;0&#8243; button_use_icon=&#8221;default&#8221; button_icon_placement=&#8221;right&#8221; button_on_hover=&#8221;on&#8221; button_letter_spacing_hover=&#8221;0&#8243; disabled=&#8221;off&#8221; saved_tabs=&#8221;all&#8221; \/][\/et_pb_column_inner][\/et_pb_row_inner][\/et_pb_column][et_pb_column type=&#8221;1_3&#8243;][et_pb_text admin_label=&#8221;Teksti&#8221; background_layout=&#8221;light&#8221; text_orientation=&#8221;left&#8221; use_border_color=&#8221;off&#8221; border_color=&#8221;#ffffff&#8221; border_style=&#8221;solid&#8221;]<\/p>\n<h3>Viimeisimm\u00e4t<\/h3>\n<p>[\/et_pb_text][et_pb_blog admin_label=&#8221;Blogi&#8221; saved_tabs=&#8221;all&#8221; fullwidth=&#8221;on&#8221; posts_number=&#8221;5&#8243; show_thumbnail=&#8221;on&#8221; show_content=&#8221;off&#8221; show_more=&#8221;off&#8221; show_author=&#8221;on&#8221; show_date=&#8221;on&#8221; show_categories=&#8221;off&#8221; show_comments=&#8221;off&#8221; show_pagination=&#8221;off&#8221; offset_number=&#8221;1&#8243; use_overlay=&#8221;off&#8221; background_layout=&#8221;light&#8221; use_dropshadow=&#8221;off&#8221; use_border_color=&#8221;off&#8221; border_color=&#8221;#ffffff&#8221; border_style=&#8221;solid&#8221; module_class=&#8221;ds-letterbox-right&#8221; header_font_size=&#8221;20&#8243; header_font_size_last_edited=&#8221;on|desktop&#8221; \/][et_pb_divider admin_label=&#8221;Jakaja&#8221; color=&#8221;#ffffff&#8221; show_divider=&#8221;off&#8221; divider_style=&#8221;solid&#8221; divider_position=&#8221;top&#8221; hide_on_mobile=&#8221;on&#8221; height=&#8221;5&#8243; \/][et_pb_sidebar admin_label=&#8221;Sivupalkki&#8221; orientation=&#8221;left&#8221; area=&#8221;sidebar-1&#8243; background_layout=&#8221;light&#8221; disabled=&#8221;off&#8221; remove_border=&#8221;off&#8221; \/][\/et_pb_column][\/et_pb_section][et_pb_section bb_built=&#8221;1&#8243; admin_label=&#8221;Osio&#8221; fullwidth=&#8221;on&#8221; specialty=&#8221;off&#8221;][et_pb_fullwidth_header admin_label=&#8221;Koko sivun levyinen otsikko&#8221; title=&#8221;Minduu.fi&#8221; subhead=&#8221;Blogin tarjoaa Minduu.fi &#8211; Suomen paras psykoterapeuttihaku&#8221; background_layout=&#8221;dark&#8221; text_orientation=&#8221;center&#8221; header_fullscreen=&#8221;off&#8221; header_scroll_down=&#8221;off&#8221; button_one_text=&#8221;L\u00f6yd\u00e4 sopiva psykoterapeutti&#8221; button_one_url=&#8221;https:\/\/minduu.fi\/fi\/&#8221; background_color=&#8221;#fe826e&#8221; parallax=&#8221;off&#8221; parallax_method=&#8221;off&#8221; content_orientation=&#8221;center&#8221; image_orientation=&#8221;center&#8221; custom_button_one=&#8221;off&#8221; button_one_letter_spacing=&#8221;0&#8243; button_one_use_icon=&#8221;default&#8221; button_one_icon_placement=&#8221;right&#8221; button_one_on_hover=&#8221;on&#8221; button_one_letter_spacing_hover=&#8221;0&#8243; custom_button_two=&#8221;off&#8221; button_two_letter_spacing=&#8221;0&#8243; button_two_use_icon=&#8221;default&#8221; button_two_icon_placement=&#8221;right&#8221; button_two_on_hover=&#8221;on&#8221; button_two_letter_spacing_hover=&#8221;0&#8243; \/][\/et_pb_section]<\/p>\n","protected":false},"excerpt":{"rendered":"<p>Tutustu, milt\u00e4 terapia tuntuu niin asiakkaan kuin terapeutin tuolissa. Kokemuksia vaikeuksien kanssa painimisesta ja psykoterapeuttien n\u00e4kemyksi\u00e4. Uusin kirjoitus Asiantuntija-artikkelit ja kolumnit Asiakastarinat Viimeisimm\u00e4t<\/p>\n","protected":false},"author":4,"featured_media":0,"parent":0,"menu_order":0,"comment_status":"open","ping_status":"closed","template":"","meta":{"_et_pb_use_builder":"on","_et_pb_old_content":"","_et_gb_content_width":"","footnotes":""},"class_list":["post-422","page","type-page","status-publish","hentry","wpautop"],"yoast_head":"<!-- This site is optimized with the Yoast SEO plugin v27.3 - https:\/\/yoast.com\/product\/yoast-seo-wordpress\/ -->\n<title>Minduu Blogi<\/title>\n<meta name=\"description\" content=\"Asiakastarinoita psykoterapiasta ja luotettavaa tietoa.\" \/>\n<meta name=\"robots\" content=\"index, follow, max-snippet:-1, max-image-preview:large, max-video-preview:-1\" \/>\n<link rel=\"canonical\" href=\"https:\/\/blogi.minduu.fi\/blogi\/blogi\/\" \/>\n<meta property=\"og:locale\" content=\"fi_FI\" \/>\n<meta property=\"og:type\" content=\"article\" \/>\n<meta property=\"og:title\" content=\"Minduu Blogi\" \/>\n<meta property=\"og:description\" content=\"Asiakastarinoita psykoterapiasta ja luotettavaa tietoa.\" \/>\n<meta property=\"og:url\" content=\"https:\/\/blogi.minduu.fi\/blogi\/blogi\/\" \/>\n<meta property=\"og:site_name\" content=\"Hyv\u00e4n Mielen Blogi | Minduu.fi\" \/>\n<meta property=\"article:modified_time\" content=\"2017-03-21T07:20:29+00:00\" \/>\n<meta property=\"og:image\" content=\"https:\/\/blogi.minduu.fi\/blogi\/wp-content\/uploads\/sari_tausta_1.png\" \/>\n\t<meta property=\"og:image:width\" content=\"1000\" \/>\n\t<meta property=\"og:image:height\" content=\"605\" \/>\n\t<meta property=\"og:image:type\" content=\"image\/png\" \/>\n<meta name=\"twitter:label1\" content=\"Arvioitu lukuaika\" \/>\n\t<meta name=\"twitter:data1\" content=\"5 minuuttia\" \/>\n<script type=\"application\/ld+json\" class=\"yoast-schema-graph\">{\"@context\":\"https:\\\/\\\/schema.org\",\"@graph\":[{\"@type\":\"WebPage\",\"@id\":\"https:\\\/\\\/blogi.minduu.fi\\\/blogi\\\/blogi\\\/\",\"url\":\"https:\\\/\\\/blogi.minduu.fi\\\/blogi\\\/blogi\\\/\",\"name\":\"Minduu Blogi\",\"isPartOf\":{\"@id\":\"https:\\\/\\\/blogi.minduu.fi\\\/blogi\\\/#website\"},\"datePublished\":\"2015-03-31T13:03:40+00:00\",\"dateModified\":\"2017-03-21T07:20:29+00:00\",\"description\":\"Asiakastarinoita psykoterapiasta ja luotettavaa tietoa.\",\"breadcrumb\":{\"@id\":\"https:\\\/\\\/blogi.minduu.fi\\\/blogi\\\/blogi\\\/#breadcrumb\"},\"inLanguage\":\"fi\",\"potentialAction\":[{\"@type\":\"ReadAction\",\"target\":[\"https:\\\/\\\/blogi.minduu.fi\\\/blogi\\\/blogi\\\/\"]}]},{\"@type\":\"BreadcrumbList\",\"@id\":\"https:\\\/\\\/blogi.minduu.fi\\\/blogi\\\/blogi\\\/#breadcrumb\",\"itemListElement\":[{\"@type\":\"ListItem\",\"position\":1,\"name\":\"Home\",\"item\":\"https:\\\/\\\/blogi.minduu.fi\\\/blogi\\\/\"},{\"@type\":\"ListItem\",\"position\":2,\"name\":\"Blogi\"}]},{\"@type\":\"WebSite\",\"@id\":\"https:\\\/\\\/blogi.minduu.fi\\\/blogi\\\/#website\",\"url\":\"https:\\\/\\\/blogi.minduu.fi\\\/blogi\\\/\",\"name\":\"Hyv\u00e4n Mielen Blogi | Minduu.fi\",\"description\":\"Pid\u00e4 mielest\u00e4si huolta. Kirjoituksia hyvinvoinnista ja mielenterveydest\u00e4. Vinkkej\u00e4, vertaistukea ja hyv\u00e4n mielen kirjoituksia.\",\"publisher\":{\"@id\":\"https:\\\/\\\/blogi.minduu.fi\\\/blogi\\\/#organization\"},\"potentialAction\":[{\"@type\":\"SearchAction\",\"target\":{\"@type\":\"EntryPoint\",\"urlTemplate\":\"https:\\\/\\\/blogi.minduu.fi\\\/blogi\\\/?s={search_term_string}\"},\"query-input\":{\"@type\":\"PropertyValueSpecification\",\"valueRequired\":true,\"valueName\":\"search_term_string\"}}],\"inLanguage\":\"fi\"},{\"@type\":\"Organization\",\"@id\":\"https:\\\/\\\/blogi.minduu.fi\\\/blogi\\\/#organization\",\"name\":\"Minduu\",\"url\":\"https:\\\/\\\/blogi.minduu.fi\\\/blogi\\\/\",\"logo\":{\"@type\":\"ImageObject\",\"inLanguage\":\"fi\",\"@id\":\"https:\\\/\\\/blogi.minduu.fi\\\/blogi\\\/#\\\/schema\\\/logo\\\/image\\\/\",\"url\":\"https:\\\/\\\/blogi.minduu.fi\\\/blogi\\\/wp-content\\\/uploads\\\/minduu_punainen.png\",\"contentUrl\":\"https:\\\/\\\/blogi.minduu.fi\\\/blogi\\\/wp-content\\\/uploads\\\/minduu_punainen.png\",\"width\":600,\"height\":173,\"caption\":\"Minduu\"},\"image\":{\"@id\":\"https:\\\/\\\/blogi.minduu.fi\\\/blogi\\\/#\\\/schema\\\/logo\\\/image\\\/\"}}]}<\/script>\n<!-- \/ Yoast SEO plugin. -->","yoast_head_json":{"title":"Minduu Blogi","description":"Asiakastarinoita psykoterapiasta ja luotettavaa tietoa.","robots":{"index":"index","follow":"follow","max-snippet":"max-snippet:-1","max-image-preview":"max-image-preview:large","max-video-preview":"max-video-preview:-1"},"canonical":"https:\/\/blogi.minduu.fi\/blogi\/blogi\/","og_locale":"fi_FI","og_type":"article","og_title":"Minduu Blogi","og_description":"Asiakastarinoita psykoterapiasta ja luotettavaa tietoa.","og_url":"https:\/\/blogi.minduu.fi\/blogi\/blogi\/","og_site_name":"Hyv\u00e4n Mielen Blogi | Minduu.fi","article_modified_time":"2017-03-21T07:20:29+00:00","og_image":[{"width":1000,"height":605,"url":"https:\/\/blogi.minduu.fi\/blogi\/wp-content\/uploads\/sari_tausta_1.png","type":"image\/png"}],"twitter_misc":{"Arvioitu lukuaika":"5 minuuttia"},"schema":{"@context":"https:\/\/schema.org","@graph":[{"@type":"WebPage","@id":"https:\/\/blogi.minduu.fi\/blogi\/blogi\/","url":"https:\/\/blogi.minduu.fi\/blogi\/blogi\/","name":"Minduu Blogi","isPartOf":{"@id":"https:\/\/blogi.minduu.fi\/blogi\/#website"},"datePublished":"2015-03-31T13:03:40+00:00","dateModified":"2017-03-21T07:20:29+00:00","description":"Asiakastarinoita psykoterapiasta ja luotettavaa tietoa.","breadcrumb":{"@id":"https:\/\/blogi.minduu.fi\/blogi\/blogi\/#breadcrumb"},"inLanguage":"fi","potentialAction":[{"@type":"ReadAction","target":["https:\/\/blogi.minduu.fi\/blogi\/blogi\/"]}]},{"@type":"BreadcrumbList","@id":"https:\/\/blogi.minduu.fi\/blogi\/blogi\/#breadcrumb","itemListElement":[{"@type":"ListItem","position":1,"name":"Home","item":"https:\/\/blogi.minduu.fi\/blogi\/"},{"@type":"ListItem","position":2,"name":"Blogi"}]},{"@type":"WebSite","@id":"https:\/\/blogi.minduu.fi\/blogi\/#website","url":"https:\/\/blogi.minduu.fi\/blogi\/","name":"Hyv\u00e4n Mielen Blogi | Minduu.fi","description":"Pid\u00e4 mielest\u00e4si huolta. Kirjoituksia hyvinvoinnista ja mielenterveydest\u00e4. Vinkkej\u00e4, vertaistukea ja hyv\u00e4n mielen kirjoituksia.","publisher":{"@id":"https:\/\/blogi.minduu.fi\/blogi\/#organization"},"potentialAction":[{"@type":"SearchAction","target":{"@type":"EntryPoint","urlTemplate":"https:\/\/blogi.minduu.fi\/blogi\/?s={search_term_string}"},"query-input":{"@type":"PropertyValueSpecification","valueRequired":true,"valueName":"search_term_string"}}],"inLanguage":"fi"},{"@type":"Organization","@id":"https:\/\/blogi.minduu.fi\/blogi\/#organization","name":"Minduu","url":"https:\/\/blogi.minduu.fi\/blogi\/","logo":{"@type":"ImageObject","inLanguage":"fi","@id":"https:\/\/blogi.minduu.fi\/blogi\/#\/schema\/logo\/image\/","url":"https:\/\/blogi.minduu.fi\/blogi\/wp-content\/uploads\/minduu_punainen.png","contentUrl":"https:\/\/blogi.minduu.fi\/blogi\/wp-content\/uploads\/minduu_punainen.png","width":600,"height":173,"caption":"Minduu"},"image":{"@id":"https:\/\/blogi.minduu.fi\/blogi\/#\/schema\/logo\/image\/"}}]}},"_links":{"self":[{"href":"https:\/\/blogi.minduu.fi\/blogi\/wp-json\/wp\/v2\/pages\/422","targetHints":{"allow":["GET"]}}],"collection":[{"href":"https:\/\/blogi.minduu.fi\/blogi\/wp-json\/wp\/v2\/pages"}],"about":[{"href":"https:\/\/blogi.minduu.fi\/blogi\/wp-json\/wp\/v2\/types\/page"}],"author":[{"embeddable":true,"href":"https:\/\/blogi.minduu.fi\/blogi\/wp-json\/wp\/v2\/users\/4"}],"replies":[{"embeddable":true,"href":"https:\/\/blogi.minduu.fi\/blogi\/wp-json\/wp\/v2\/comments?post=422"}],"version-history":[{"count":54,"href":"https:\/\/blogi.minduu.fi\/blogi\/wp-json\/wp\/v2\/pages\/422\/revisions"}],"predecessor-version":[{"id":25368,"href":"https:\/\/blogi.minduu.fi\/blogi\/wp-json\/wp\/v2\/pages\/422\/revisions\/25368"}],"wp:attachment":[{"href":"https:\/\/blogi.minduu.fi\/blogi\/wp-json\/wp\/v2\/media?parent=422"}],"curies":[{"name":"wp","href":"https:\/\/api.w.org\/{rel}","templated":true}]}}