{"id":26224,"date":"2021-01-13T14:40:02","date_gmt":"2021-01-13T12:40:02","guid":{"rendered":"https:\/\/blogi.minduu.fi\/blogi\/?page_id=26224"},"modified":"2021-01-13T14:40:06","modified_gmt":"2021-01-13T12:40:06","slug":"artikkelit","status":"publish","type":"page","link":"https:\/\/blogi.minduu.fi\/blogi\/artikkelit\/","title":{"rendered":"Artikkelit"},"content":{"rendered":"<p>[et_pb_section fb_built=&#8221;1&#8243; _builder_version=&#8221;4.7.7&#8243; _module_preset=&#8221;default&#8221;][et_pb_row _builder_version=&#8221;4.7.7&#8243; _module_preset=&#8221;default&#8221;][et_pb_column type=&#8221;4_4&#8243; _builder_version=&#8221;4.7.7&#8243; _module_preset=&#8221;default&#8221;][et_pb_blog posts_number=&#8221;100&#8243; include_categories=&#8221;all&#8221; _builder_version=&#8221;4.7.7&#8243; _module_preset=&#8221;default&#8221; hover_enabled=&#8221;0&#8243; fullwidth=&#8221;off&#8221; sticky_enabled=&#8221;0&#8243;][\/et_pb_blog][\/et_pb_column][\/et_pb_row][\/et_pb_section]<\/p>\n","protected":false},"excerpt":{"rendered":"","protected":false},"author":8,"featured_media":0,"parent":0,"menu_order":0,"comment_status":"closed","ping_status":"closed","template":"","meta":{"_et_pb_use_builder":"on","_et_pb_old_content":"","_et_gb_content_width":"","footnotes":""},"class_list":["post-26224","page","type-page","status-publish","hentry","wpautop"],"yoast_head":"<!-- This site is optimized with the Yoast SEO plugin v27.3 - https:\/\/yoast.com\/product\/yoast-seo-wordpress\/ -->\n<title>Artikkelit - Hyv\u00e4n Mielen Blogi | Minduu.fi<\/title>\n<meta name=\"description\" content=\"Kaikki Minduun blogikirjoitukset psykoterapiasta\" \/>\n<meta name=\"robots\" content=\"index, follow, max-snippet:-1, max-image-preview:large, max-video-preview:-1\" \/>\n<link rel=\"canonical\" href=\"https:\/\/blogi.minduu.fi\/blogi\/artikkelit\/\" \/>\n<meta property=\"og:locale\" content=\"fi_FI\" \/>\n<meta property=\"og:type\" content=\"article\" \/>\n<meta property=\"og:title\" content=\"Artikkelit - Hyv\u00e4n Mielen Blogi | Minduu.fi\" \/>\n<meta property=\"og:description\" content=\"Kaikki Minduun blogikirjoitukset psykoterapiasta\" \/>\n<meta property=\"og:url\" content=\"https:\/\/blogi.minduu.fi\/blogi\/artikkelit\/\" \/>\n<meta property=\"og:site_name\" content=\"Hyv\u00e4n Mielen Blogi | Minduu.fi\" \/>\n<meta property=\"article:modified_time\" content=\"2021-01-13T12:40:06+00:00\" \/>\n<meta name=\"twitter:label1\" content=\"Arvioitu lukuaika\" \/>\n\t<meta name=\"twitter:data1\" content=\"1 minuutti\" \/>\n<script type=\"application\/ld+json\" class=\"yoast-schema-graph\">{\"@context\":\"https:\\\/\\\/schema.org\",\"@graph\":[{\"@type\":\"WebPage\",\"@id\":\"https:\\\/\\\/blogi.minduu.fi\\\/blogi\\\/artikkelit\\\/\",\"url\":\"https:\\\/\\\/blogi.minduu.fi\\\/blogi\\\/artikkelit\\\/\",\"name\":\"Artikkelit - Hyv\u00e4n Mielen Blogi | Minduu.fi\",\"isPartOf\":{\"@id\":\"https:\\\/\\\/blogi.minduu.fi\\\/blogi\\\/#website\"},\"datePublished\":\"2021-01-13T12:40:02+00:00\",\"dateModified\":\"2021-01-13T12:40:06+00:00\",\"description\":\"Kaikki Minduun blogikirjoitukset psykoterapiasta\",\"breadcrumb\":{\"@id\":\"https:\\\/\\\/blogi.minduu.fi\\\/blogi\\\/artikkelit\\\/#breadcrumb\"},\"inLanguage\":\"fi\",\"potentialAction\":[{\"@type\":\"ReadAction\",\"target\":[\"https:\\\/\\\/blogi.minduu.fi\\\/blogi\\\/artikkelit\\\/\"]}]},{\"@type\":\"BreadcrumbList\",\"@id\":\"https:\\\/\\\/blogi.minduu.fi\\\/blogi\\\/artikkelit\\\/#breadcrumb\",\"itemListElement\":[{\"@type\":\"ListItem\",\"position\":1,\"name\":\"Home\",\"item\":\"https:\\\/\\\/blogi.minduu.fi\\\/blogi\\\/\"},{\"@type\":\"ListItem\",\"position\":2,\"name\":\"Artikkelit\"}]},{\"@type\":\"WebSite\",\"@id\":\"https:\\\/\\\/blogi.minduu.fi\\\/blogi\\\/#website\",\"url\":\"https:\\\/\\\/blogi.minduu.fi\\\/blogi\\\/\",\"name\":\"Hyv\u00e4n Mielen Blogi | Minduu.fi\",\"description\":\"Pid\u00e4 mielest\u00e4si huolta. Kirjoituksia hyvinvoinnista ja mielenterveydest\u00e4. Vinkkej\u00e4, vertaistukea ja hyv\u00e4n mielen kirjoituksia.\",\"publisher\":{\"@id\":\"https:\\\/\\\/blogi.minduu.fi\\\/blogi\\\/#organization\"},\"potentialAction\":[{\"@type\":\"SearchAction\",\"target\":{\"@type\":\"EntryPoint\",\"urlTemplate\":\"https:\\\/\\\/blogi.minduu.fi\\\/blogi\\\/?s={search_term_string}\"},\"query-input\":{\"@type\":\"PropertyValueSpecification\",\"valueRequired\":true,\"valueName\":\"search_term_string\"}}],\"inLanguage\":\"fi\"},{\"@type\":\"Organization\",\"@id\":\"https:\\\/\\\/blogi.minduu.fi\\\/blogi\\\/#organization\",\"name\":\"Minduu\",\"url\":\"https:\\\/\\\/blogi.minduu.fi\\\/blogi\\\/\",\"logo\":{\"@type\":\"ImageObject\",\"inLanguage\":\"fi\",\"@id\":\"https:\\\/\\\/blogi.minduu.fi\\\/blogi\\\/#\\\/schema\\\/logo\\\/image\\\/\",\"url\":\"https:\\\/\\\/blogi.minduu.fi\\\/blogi\\\/wp-content\\\/uploads\\\/minduu_punainen.png\",\"contentUrl\":\"https:\\\/\\\/blogi.minduu.fi\\\/blogi\\\/wp-content\\\/uploads\\\/minduu_punainen.png\",\"width\":600,\"height\":173,\"caption\":\"Minduu\"},\"image\":{\"@id\":\"https:\\\/\\\/blogi.minduu.fi\\\/blogi\\\/#\\\/schema\\\/logo\\\/image\\\/\"}}]}<\/script>\n<!-- \/ Yoast SEO plugin. -->","yoast_head_json":{"title":"Artikkelit - Hyv\u00e4n Mielen Blogi | Minduu.fi","description":"Kaikki Minduun blogikirjoitukset psykoterapiasta","robots":{"index":"index","follow":"follow","max-snippet":"max-snippet:-1","max-image-preview":"max-image-preview:large","max-video-preview":"max-video-preview:-1"},"canonical":"https:\/\/blogi.minduu.fi\/blogi\/artikkelit\/","og_locale":"fi_FI","og_type":"article","og_title":"Artikkelit - Hyv\u00e4n Mielen Blogi | Minduu.fi","og_description":"Kaikki Minduun blogikirjoitukset psykoterapiasta","og_url":"https:\/\/blogi.minduu.fi\/blogi\/artikkelit\/","og_site_name":"Hyv\u00e4n Mielen Blogi | Minduu.fi","article_modified_time":"2021-01-13T12:40:06+00:00","twitter_misc":{"Arvioitu lukuaika":"1 minuutti"},"schema":{"@context":"https:\/\/schema.org","@graph":[{"@type":"WebPage","@id":"https:\/\/blogi.minduu.fi\/blogi\/artikkelit\/","url":"https:\/\/blogi.minduu.fi\/blogi\/artikkelit\/","name":"Artikkelit - Hyv\u00e4n Mielen Blogi | Minduu.fi","isPartOf":{"@id":"https:\/\/blogi.minduu.fi\/blogi\/#website"},"datePublished":"2021-01-13T12:40:02+00:00","dateModified":"2021-01-13T12:40:06+00:00","description":"Kaikki Minduun blogikirjoitukset psykoterapiasta","breadcrumb":{"@id":"https:\/\/blogi.minduu.fi\/blogi\/artikkelit\/#breadcrumb"},"inLanguage":"fi","potentialAction":[{"@type":"ReadAction","target":["https:\/\/blogi.minduu.fi\/blogi\/artikkelit\/"]}]},{"@type":"BreadcrumbList","@id":"https:\/\/blogi.minduu.fi\/blogi\/artikkelit\/#breadcrumb","itemListElement":[{"@type":"ListItem","position":1,"name":"Home","item":"https:\/\/blogi.minduu.fi\/blogi\/"},{"@type":"ListItem","position":2,"name":"Artikkelit"}]},{"@type":"WebSite","@id":"https:\/\/blogi.minduu.fi\/blogi\/#website","url":"https:\/\/blogi.minduu.fi\/blogi\/","name":"Hyv\u00e4n Mielen Blogi | Minduu.fi","description":"Pid\u00e4 mielest\u00e4si huolta. Kirjoituksia hyvinvoinnista ja mielenterveydest\u00e4. Vinkkej\u00e4, vertaistukea ja hyv\u00e4n mielen kirjoituksia.","publisher":{"@id":"https:\/\/blogi.minduu.fi\/blogi\/#organization"},"potentialAction":[{"@type":"SearchAction","target":{"@type":"EntryPoint","urlTemplate":"https:\/\/blogi.minduu.fi\/blogi\/?s={search_term_string}"},"query-input":{"@type":"PropertyValueSpecification","valueRequired":true,"valueName":"search_term_string"}}],"inLanguage":"fi"},{"@type":"Organization","@id":"https:\/\/blogi.minduu.fi\/blogi\/#organization","name":"Minduu","url":"https:\/\/blogi.minduu.fi\/blogi\/","logo":{"@type":"ImageObject","inLanguage":"fi","@id":"https:\/\/blogi.minduu.fi\/blogi\/#\/schema\/logo\/image\/","url":"https:\/\/blogi.minduu.fi\/blogi\/wp-content\/uploads\/minduu_punainen.png","contentUrl":"https:\/\/blogi.minduu.fi\/blogi\/wp-content\/uploads\/minduu_punainen.png","width":600,"height":173,"caption":"Minduu"},"image":{"@id":"https:\/\/blogi.minduu.fi\/blogi\/#\/schema\/logo\/image\/"}}]}},"_links":{"self":[{"href":"https:\/\/blogi.minduu.fi\/blogi\/wp-json\/wp\/v2\/pages\/26224","targetHints":{"allow":["GET"]}}],"collection":[{"href":"https:\/\/blogi.minduu.fi\/blogi\/wp-json\/wp\/v2\/pages"}],"about":[{"href":"https:\/\/blogi.minduu.fi\/blogi\/wp-json\/wp\/v2\/types\/page"}],"author":[{"embeddable":true,"href":"https:\/\/blogi.minduu.fi\/blogi\/wp-json\/wp\/v2\/users\/8"}],"replies":[{"embeddable":true,"href":"https:\/\/blogi.minduu.fi\/blogi\/wp-json\/wp\/v2\/comments?post=26224"}],"version-history":[{"count":3,"href":"https:\/\/blogi.minduu.fi\/blogi\/wp-json\/wp\/v2\/pages\/26224\/revisions"}],"predecessor-version":[{"id":26229,"href":"https:\/\/blogi.minduu.fi\/blogi\/wp-json\/wp\/v2\/pages\/26224\/revisions\/26229"}],"wp:attachment":[{"href":"https:\/\/blogi.minduu.fi\/blogi\/wp-json\/wp\/v2\/media?parent=26224"}],"curies":[{"name":"wp","href":"https:\/\/api.w.org\/{rel}","templated":true}]}}