{"id":1550,"date":"2017-04-06T14:05:55","date_gmt":"2017-04-06T11:05:55","guid":{"rendered":"https:\/\/minduu.fi\/blogi\/?page_id=1550"},"modified":"2023-05-09T15:01:52","modified_gmt":"2023-05-09T12:01:52","slug":"hyvan-mielen-blogi","status":"publish","type":"page","link":"https:\/\/blogi.minduu.fi\/blogi\/","title":{"rendered":"Hyv\u00e4n Mielen Blogi"},"content":{"rendered":"<p>[et_pb_section fb_built=&#8221;1&#8243; inner_shadow=&#8221;on&#8221; fullwidth=&#8221;on&#8221; custom_padding_last_edited=&#8221;on|desktop&#8221; admin_label=&#8221;section&#8221; _builder_version=&#8221;4.16&#8243; background_color=&#8221;#fe826e&#8221; custom_padding_tablet=&#8221;50px|0|50px|0&#8243; custom_padding_phone=&#8221;&#8221; padding_mobile=&#8221;off&#8221; global_colors_info=&#8221;{}&#8221;][et_pb_fullwidth_header title=&#8221;Hyv\u00e4n Mielen Blogi&#8221; subhead=&#8221;Pid\u00e4 mielest\u00e4si huolta.&#8221; text_orientation=&#8221;center&#8221; content_max_width=&#8221;none&#8221; _builder_version=&#8221;4.16&#8243; title_font_size=&#8221;34px&#8221; content_font_size=&#8221;16px&#8221; subhead_font=&#8221;|on|||&#8221; subhead_font_size=&#8221;24px&#8221; background_color=&#8221;#fe826e&#8221; background_image=&#8221;https:\/\/minduu.fi\/blogi\/wp-content\/uploads\/girl_back_1920_purple.png&#8221; background_url=&#8221;https:\/\/minduu.fi\/blogi\/wp-content\/uploads\/girl_back_1920_purple.png&#8221; button_one_letter_spacing_hover=&#8221;0&#8243; button_two_letter_spacing_hover=&#8221;0&#8243; global_colors_info=&#8221;{}&#8221; button_one_text_size__hover_enabled=&#8221;off&#8221; button_two_text_size__hover_enabled=&#8221;off&#8221; button_one_text_color__hover_enabled=&#8221;off&#8221; button_two_text_color__hover_enabled=&#8221;off&#8221; button_one_border_width__hover_enabled=&#8221;off&#8221; button_two_border_width__hover_enabled=&#8221;off&#8221; button_one_border_color__hover_enabled=&#8221;off&#8221; button_two_border_color__hover_enabled=&#8221;off&#8221; button_one_border_radius__hover_enabled=&#8221;off&#8221; button_two_border_radius__hover_enabled=&#8221;off&#8221; button_one_letter_spacing__hover_enabled=&#8221;on&#8221; button_one_letter_spacing__hover=&#8221;0&#8243; button_two_letter_spacing__hover_enabled=&#8221;on&#8221; button_two_letter_spacing__hover=&#8221;0&#8243; button_one_bg_color__hover_enabled=&#8221;off&#8221; button_two_bg_color__hover_enabled=&#8221;off&#8221;]<span style=\"font-size: large;\">Kirjoituksia hyvinvoinnista ja mielenterveydest\u00e4.<\/span><br \/>\n[\/et_pb_fullwidth_header][\/et_pb_section][et_pb_section fb_built=&#8221;1&#8243; specialty=&#8221;on&#8221; parallax_method_1=&#8221;off&#8221; parallax_method_2=&#8221;off&#8221; module_class=&#8221; et_pb_specialty_fullwidth&#8221; _builder_version=&#8221;4.16&#8243; inner_width=&#8221;89%&#8221; inner_width_tablet=&#8221;80%&#8221; inner_width_phone=&#8221;&#8221; inner_width_last_edited=&#8221;on|desktop&#8221; inner_max_width=&#8221;89%&#8221; inner_max_width_tablet=&#8221;80%&#8221; inner_max_width_phone=&#8221;&#8221; inner_max_width_last_edited=&#8221;on|desktop&#8221; make_fullwidth=&#8221;on&#8221; global_colors_info=&#8221;{}&#8221;][et_pb_column type=&#8221;2_3&#8243; specialty_columns=&#8221;2&#8243; _builder_version=&#8221;4.16&#8243; custom_padding=&#8221;|||&#8221; global_colors_info=&#8221;{}&#8221; custom_padding__hover=&#8221;|||&#8221;][et_pb_row_inner column_padding_mobile=&#8221;off&#8221; _builder_version=&#8221;4.16&#8243; custom_padding=&#8221;||0px|&#8221; global_colors_info=&#8221;{}&#8221;][et_pb_column_inner saved_specialty_column_type=&#8221;2_3&#8243; _builder_version=&#8221;4.16&#8243; custom_padding=&#8221;|||&#8221; global_colors_info=&#8221;{}&#8221; custom_padding__hover=&#8221;|||&#8221;][et_pb_blog include_categories=&#8221;all&#8221; _builder_version=&#8221;4.21.0&#8243; _module_preset=&#8221;default&#8221; hover_enabled=&#8221;0&#8243; global_colors_info=&#8221;{}&#8221; show_date=&#8221;off&#8221; sticky_enabled=&#8221;0&#8243;][\/et_pb_blog][\/et_pb_column_inner][\/et_pb_row_inner][et_pb_row_inner column_structure=&#8221;1_2,1_2&#8243; admin_label=&#8221;Rivi&#8221; _builder_version=&#8221;4.16&#8243; global_colors_info=&#8221;{}&#8221;][et_pb_column_inner type=&#8221;1_2&#8243; saved_specialty_column_type=&#8221;2_3&#8243; _builder_version=&#8221;4.16&#8243; custom_padding=&#8221;|||&#8221; global_colors_info=&#8221;{}&#8221; custom_padding__hover=&#8221;|||&#8221;][et_pb_divider show_divider=&#8221;off&#8221; disabled_on=&#8221;on|on|off&#8221; _builder_version=&#8221;4.16&#8243; height=&#8221;5px&#8221; global_colors_info=&#8221;{}&#8221;][\/et_pb_divider][\/et_pb_column_inner][et_pb_column_inner type=&#8221;1_2&#8243; saved_specialty_column_type=&#8221;2_3&#8243; _builder_version=&#8221;4.16&#8243; custom_padding=&#8221;|||&#8221; global_colors_info=&#8221;{}&#8221; custom_padding__hover=&#8221;|||&#8221;][et_pb_divider show_divider=&#8221;off&#8221; disabled_on=&#8221;on|on|off&#8221; _builder_version=&#8221;4.16&#8243; height=&#8221;5px&#8221; global_colors_info=&#8221;{}&#8221;][\/et_pb_divider][\/et_pb_column_inner][\/et_pb_row_inner][\/et_pb_column][et_pb_column type=&#8221;1_3&#8243; _builder_version=&#8221;4.16&#8243; custom_padding=&#8221;|||&#8221; global_colors_info=&#8221;{}&#8221; custom_padding__hover=&#8221;|||&#8221;][et_pb_sidebar area=&#8221;sidebar-1&#8243; _builder_version=&#8221;4.16&#8243; remove_border=&#8221;off&#8221; global_colors_info=&#8221;{}&#8221;][\/et_pb_sidebar][et_pb_divider show_divider=&#8221;off&#8221; disabled_on=&#8221;on|on|off&#8221; _builder_version=&#8221;4.16&#8243; height=&#8221;5px&#8221; global_colors_info=&#8221;{}&#8221;][\/et_pb_divider][\/et_pb_column][\/et_pb_section][et_pb_section fb_built=&#8221;1&#8243; fullwidth=&#8221;on&#8221; _builder_version=&#8221;4.16&#8243; global_colors_info=&#8221;{}&#8221;][et_pb_fullwidth_header title=&#8221;Minduu.fi&#8221; subhead=&#8221;Blogin tarjoaa Minduu.fi &#8211; Suomen paras psykoterapeuttihaku&#8221; text_orientation=&#8221;center&#8221; button_one_text=&#8221;L\u00f6yd\u00e4 sopiva psykoterapeutti&#8221; button_one_url=&#8221;https:\/\/minduu.fi\/fi\/&#8221; content_max_width=&#8221;none&#8221; _builder_version=&#8221;4.16&#8243; background_color=&#8221;#fe826e&#8221; button_one_letter_spacing_hover=&#8221;0&#8243; button_two_letter_spacing_hover=&#8221;0&#8243; global_colors_info=&#8221;{}&#8221; button_one_text_size__hover_enabled=&#8221;off&#8221; button_two_text_size__hover_enabled=&#8221;off&#8221; button_one_text_color__hover_enabled=&#8221;off&#8221; button_two_text_color__hover_enabled=&#8221;off&#8221; button_one_border_width__hover_enabled=&#8221;off&#8221; button_two_border_width__hover_enabled=&#8221;off&#8221; button_one_border_color__hover_enabled=&#8221;off&#8221; button_two_border_color__hover_enabled=&#8221;off&#8221; button_one_border_radius__hover_enabled=&#8221;off&#8221; button_two_border_radius__hover_enabled=&#8221;off&#8221; button_one_letter_spacing__hover_enabled=&#8221;on&#8221; button_one_letter_spacing__hover=&#8221;0&#8243; button_two_letter_spacing__hover_enabled=&#8221;on&#8221; button_two_letter_spacing__hover=&#8221;0&#8243; button_one_bg_color__hover_enabled=&#8221;off&#8221; button_two_bg_color__hover_enabled=&#8221;off&#8221;][\/et_pb_fullwidth_header][\/et_pb_section]<\/p>\n","protected":false},"excerpt":{"rendered":"<p>Kirjoituksia hyvinvoinnista ja mielenterveydest\u00e4.<\/p>\n","protected":false},"author":8,"featured_media":0,"parent":0,"menu_order":0,"comment_status":"closed","ping_status":"closed","template":"","meta":{"_et_pb_use_builder":"on","_et_pb_old_content":"","_et_gb_content_width":"","footnotes":""},"class_list":["post-1550","page","type-page","status-publish","hentry","wpautop"],"yoast_head":"<!-- This site is optimized with the Yoast SEO plugin v27.4 - https:\/\/yoast.com\/product\/yoast-seo-wordpress\/ -->\n<title>Hyv\u00e4n Mielen Blogi | Minduu.fi<\/title>\n<meta name=\"description\" content=\"Pid\u00e4 mielest\u00e4si huolta. Kirjoituksia hyvinvoinnista ja mielenterveydest\u00e4. Vinkkej\u00e4, vertaistukea ja asiantuntijakirjoituksia.\" \/>\n<meta name=\"robots\" content=\"index, follow, max-snippet:-1, max-image-preview:large, max-video-preview:-1\" \/>\n<link rel=\"canonical\" href=\"https:\/\/blogi.minduu.fi\/blogi\/\" \/>\n<meta property=\"og:locale\" content=\"fi_FI\" \/>\n<meta property=\"og:type\" content=\"article\" \/>\n<meta property=\"og:title\" content=\"Hyv\u00e4n Mielen Blogi | Minduu.fi\" \/>\n<meta property=\"og:description\" content=\"Pid\u00e4 mielest\u00e4si huolta. Kirjoituksia hyvinvoinnista ja mielenterveydest\u00e4. Vinkkej\u00e4, vertaistukea ja asiantuntijakirjoituksia.\" \/>\n<meta property=\"og:url\" content=\"https:\/\/blogi.minduu.fi\/blogi\/\" \/>\n<meta property=\"og:site_name\" content=\"Hyv\u00e4n Mielen Blogi | Minduu.fi\" \/>\n<meta property=\"article:modified_time\" content=\"2023-05-09T12:01:52+00:00\" \/>\n<meta property=\"og:image\" content=\"https:\/\/blogi.minduu.fi\/blogi\/wp-content\/uploads\/hmb_back.png\" \/>\n\t<meta property=\"og:image:width\" content=\"1200\" \/>\n\t<meta property=\"og:image:height\" content=\"630\" \/>\n\t<meta property=\"og:image:type\" content=\"image\/png\" \/>\n<meta name=\"twitter:label1\" content=\"Arvioitu lukuaika\" \/>\n\t<meta name=\"twitter:data1\" content=\"2 minuuttia\" \/>\n<script type=\"application\/ld+json\" class=\"yoast-schema-graph\">{\"@context\":\"https:\\\/\\\/schema.org\",\"@graph\":[{\"@type\":\"WebPage\",\"@id\":\"https:\\\/\\\/blogi.minduu.fi\\\/blogi\\\/\",\"url\":\"https:\\\/\\\/blogi.minduu.fi\\\/blogi\\\/\",\"name\":\"Hyv\u00e4n Mielen Blogi | Minduu.fi\",\"isPartOf\":{\"@id\":\"https:\\\/\\\/blogi.minduu.fi\\\/blogi\\\/#website\"},\"datePublished\":\"2017-04-06T11:05:55+00:00\",\"dateModified\":\"2023-05-09T12:01:52+00:00\",\"description\":\"Pid\u00e4 mielest\u00e4si huolta. Kirjoituksia hyvinvoinnista ja mielenterveydest\u00e4. Vinkkej\u00e4, vertaistukea ja asiantuntijakirjoituksia.\",\"breadcrumb\":{\"@id\":\"https:\\\/\\\/blogi.minduu.fi\\\/blogi\\\/#breadcrumb\"},\"inLanguage\":\"fi\",\"potentialAction\":[{\"@type\":\"ReadAction\",\"target\":[\"https:\\\/\\\/blogi.minduu.fi\\\/blogi\\\/\"]}]},{\"@type\":\"BreadcrumbList\",\"@id\":\"https:\\\/\\\/blogi.minduu.fi\\\/blogi\\\/#breadcrumb\",\"itemListElement\":[{\"@type\":\"ListItem\",\"position\":1,\"name\":\"Home\",\"item\":\"https:\\\/\\\/blogi.minduu.fi\\\/blogi\\\/\"},{\"@type\":\"ListItem\",\"position\":2,\"name\":\"Hyv\u00e4n Mielen Blogi\"}]},{\"@type\":\"WebSite\",\"@id\":\"https:\\\/\\\/blogi.minduu.fi\\\/blogi\\\/#website\",\"url\":\"https:\\\/\\\/blogi.minduu.fi\\\/blogi\\\/\",\"name\":\"Hyv\u00e4n Mielen Blogi | Minduu.fi\",\"description\":\"Pid\u00e4 mielest\u00e4si huolta. Kirjoituksia hyvinvoinnista ja mielenterveydest\u00e4. Vinkkej\u00e4, vertaistukea ja hyv\u00e4n mielen kirjoituksia.\",\"publisher\":{\"@id\":\"https:\\\/\\\/blogi.minduu.fi\\\/blogi\\\/#organization\"},\"potentialAction\":[{\"@type\":\"SearchAction\",\"target\":{\"@type\":\"EntryPoint\",\"urlTemplate\":\"https:\\\/\\\/blogi.minduu.fi\\\/blogi\\\/?s={search_term_string}\"},\"query-input\":{\"@type\":\"PropertyValueSpecification\",\"valueRequired\":true,\"valueName\":\"search_term_string\"}}],\"inLanguage\":\"fi\"},{\"@type\":\"Organization\",\"@id\":\"https:\\\/\\\/blogi.minduu.fi\\\/blogi\\\/#organization\",\"name\":\"Minduu\",\"url\":\"https:\\\/\\\/blogi.minduu.fi\\\/blogi\\\/\",\"logo\":{\"@type\":\"ImageObject\",\"inLanguage\":\"fi\",\"@id\":\"https:\\\/\\\/blogi.minduu.fi\\\/blogi\\\/#\\\/schema\\\/logo\\\/image\\\/\",\"url\":\"https:\\\/\\\/blogi.minduu.fi\\\/blogi\\\/wp-content\\\/uploads\\\/minduu_punainen.png\",\"contentUrl\":\"https:\\\/\\\/blogi.minduu.fi\\\/blogi\\\/wp-content\\\/uploads\\\/minduu_punainen.png\",\"width\":600,\"height\":173,\"caption\":\"Minduu\"},\"image\":{\"@id\":\"https:\\\/\\\/blogi.minduu.fi\\\/blogi\\\/#\\\/schema\\\/logo\\\/image\\\/\"}}]}<\/script>\n<!-- \/ Yoast SEO plugin. -->","yoast_head_json":{"title":"Hyv\u00e4n Mielen Blogi | Minduu.fi","description":"Pid\u00e4 mielest\u00e4si huolta. Kirjoituksia hyvinvoinnista ja mielenterveydest\u00e4. Vinkkej\u00e4, vertaistukea ja asiantuntijakirjoituksia.","robots":{"index":"index","follow":"follow","max-snippet":"max-snippet:-1","max-image-preview":"max-image-preview:large","max-video-preview":"max-video-preview:-1"},"canonical":"https:\/\/blogi.minduu.fi\/blogi\/","og_locale":"fi_FI","og_type":"article","og_title":"Hyv\u00e4n Mielen Blogi | Minduu.fi","og_description":"Pid\u00e4 mielest\u00e4si huolta. Kirjoituksia hyvinvoinnista ja mielenterveydest\u00e4. Vinkkej\u00e4, vertaistukea ja asiantuntijakirjoituksia.","og_url":"https:\/\/blogi.minduu.fi\/blogi\/","og_site_name":"Hyv\u00e4n Mielen Blogi | Minduu.fi","article_modified_time":"2023-05-09T12:01:52+00:00","og_image":[{"width":1200,"height":630,"url":"https:\/\/blogi.minduu.fi\/blogi\/wp-content\/uploads\/hmb_back.png","type":"image\/png"}],"twitter_misc":{"Arvioitu lukuaika":"2 minuuttia"},"schema":{"@context":"https:\/\/schema.org","@graph":[{"@type":"WebPage","@id":"https:\/\/blogi.minduu.fi\/blogi\/","url":"https:\/\/blogi.minduu.fi\/blogi\/","name":"Hyv\u00e4n Mielen Blogi | Minduu.fi","isPartOf":{"@id":"https:\/\/blogi.minduu.fi\/blogi\/#website"},"datePublished":"2017-04-06T11:05:55+00:00","dateModified":"2023-05-09T12:01:52+00:00","description":"Pid\u00e4 mielest\u00e4si huolta. Kirjoituksia hyvinvoinnista ja mielenterveydest\u00e4. Vinkkej\u00e4, vertaistukea ja asiantuntijakirjoituksia.","breadcrumb":{"@id":"https:\/\/blogi.minduu.fi\/blogi\/#breadcrumb"},"inLanguage":"fi","potentialAction":[{"@type":"ReadAction","target":["https:\/\/blogi.minduu.fi\/blogi\/"]}]},{"@type":"BreadcrumbList","@id":"https:\/\/blogi.minduu.fi\/blogi\/#breadcrumb","itemListElement":[{"@type":"ListItem","position":1,"name":"Home","item":"https:\/\/blogi.minduu.fi\/blogi\/"},{"@type":"ListItem","position":2,"name":"Hyv\u00e4n Mielen Blogi"}]},{"@type":"WebSite","@id":"https:\/\/blogi.minduu.fi\/blogi\/#website","url":"https:\/\/blogi.minduu.fi\/blogi\/","name":"Hyv\u00e4n Mielen Blogi | Minduu.fi","description":"Pid\u00e4 mielest\u00e4si huolta. Kirjoituksia hyvinvoinnista ja mielenterveydest\u00e4. Vinkkej\u00e4, vertaistukea ja hyv\u00e4n mielen kirjoituksia.","publisher":{"@id":"https:\/\/blogi.minduu.fi\/blogi\/#organization"},"potentialAction":[{"@type":"SearchAction","target":{"@type":"EntryPoint","urlTemplate":"https:\/\/blogi.minduu.fi\/blogi\/?s={search_term_string}"},"query-input":{"@type":"PropertyValueSpecification","valueRequired":true,"valueName":"search_term_string"}}],"inLanguage":"fi"},{"@type":"Organization","@id":"https:\/\/blogi.minduu.fi\/blogi\/#organization","name":"Minduu","url":"https:\/\/blogi.minduu.fi\/blogi\/","logo":{"@type":"ImageObject","inLanguage":"fi","@id":"https:\/\/blogi.minduu.fi\/blogi\/#\/schema\/logo\/image\/","url":"https:\/\/blogi.minduu.fi\/blogi\/wp-content\/uploads\/minduu_punainen.png","contentUrl":"https:\/\/blogi.minduu.fi\/blogi\/wp-content\/uploads\/minduu_punainen.png","width":600,"height":173,"caption":"Minduu"},"image":{"@id":"https:\/\/blogi.minduu.fi\/blogi\/#\/schema\/logo\/image\/"}}]}},"_links":{"self":[{"href":"https:\/\/blogi.minduu.fi\/blogi\/wp-json\/wp\/v2\/pages\/1550","targetHints":{"allow":["GET"]}}],"collection":[{"href":"https:\/\/blogi.minduu.fi\/blogi\/wp-json\/wp\/v2\/pages"}],"about":[{"href":"https:\/\/blogi.minduu.fi\/blogi\/wp-json\/wp\/v2\/types\/page"}],"author":[{"embeddable":true,"href":"https:\/\/blogi.minduu.fi\/blogi\/wp-json\/wp\/v2\/users\/8"}],"replies":[{"embeddable":true,"href":"https:\/\/blogi.minduu.fi\/blogi\/wp-json\/wp\/v2\/comments?post=1550"}],"version-history":[{"count":62,"href":"https:\/\/blogi.minduu.fi\/blogi\/wp-json\/wp\/v2\/pages\/1550\/revisions"}],"predecessor-version":[{"id":26234,"href":"https:\/\/blogi.minduu.fi\/blogi\/wp-json\/wp\/v2\/pages\/1550\/revisions\/26234"}],"wp:attachment":[{"href":"https:\/\/blogi.minduu.fi\/blogi\/wp-json\/wp\/v2\/media?parent=1550"}],"curies":[{"name":"wp","href":"https:\/\/api.w.org\/{rel}","templated":true}]}}